{"id":37,"date":"2024-03-13T13:14:10","date_gmt":"2024-03-13T12:14:10","guid":{"rendered":"https:\/\/digitaltliv.no\/?page_id=37"},"modified":"2025-03-12T13:08:39","modified_gmt":"2025-03-12T12:08:39","slug":"forside","status":"publish","type":"page","link":"https:\/\/digitaltliv.no\/","title":{"rendered":"Forside"},"content":{"rendered":"\n<div class=\"wp-block-group is-vertical is-content-justification-center is-layout-flex wp-container-core-group-is-layout-ce155fab wp-block-group-is-layout-flex\">\n<figure class=\"wp-block-image size-large\"><img loading=\"lazy\" decoding=\"async\" width=\"1024\" height=\"712\" src=\"https:\/\/digitaltliv.no\/wp-content\/uploads\/2025\/01\/IMG_0246-1024x712.png\" alt=\"\" class=\"wp-image-59\" srcset=\"https:\/\/digitaltliv.no\/wp-content\/uploads\/2025\/01\/IMG_0246-1024x712.png 1024w, https:\/\/digitaltliv.no\/wp-content\/uploads\/2025\/01\/IMG_0246-300x208.png 300w, https:\/\/digitaltliv.no\/wp-content\/uploads\/2025\/01\/IMG_0246-768x534.png 768w, https:\/\/digitaltliv.no\/wp-content\/uploads\/2025\/01\/IMG_0246-1536x1067.png 1536w, https:\/\/digitaltliv.no\/wp-content\/uploads\/2025\/01\/IMG_0246-2048x1423.png 2048w\" sizes=\"auto, (max-width: 1024px) 100vw, 1024px\" \/><\/figure>\n\n\n\n<h2 class=\"wp-block-heading has-text-align-center has-large-font-size\">&#8211; i m\u00f8tet mellom menneske og teknologi <\/h2>\n\n\n\n<p class=\"has-text-align-center\"><\/p>\n\n\n\n<p>Kunstig intelligens (KI) er den st\u00f8rste revolusjonen innen informasjonsteknologi siden internett, og betydningen for arbeidsliv og enkeltpersoner kan vise seg \u00e5 bli enda st\u00f8rre. <\/p>\n\n\n\n<p>Med kunnskap, erfaring og refleksjoner skal Digitalt liv drive r\u00e5dgivning, levere  utvikling, tjenester og verkt\u00f8y innen digitalisering, teknologi og forretningsutvikling spesielt rettet mot \u00e5 anvende kunstig intelligens. <\/p>\n\n\n\n<p><em>&laquo;N\u00e5r svaret uansett er digitalisering og teknologi, <\/em><br><em>m\u00e5 vi i det minste stille de rette sp\u00f8rsm\u00e5lene&raquo;<\/em><\/p>\n<\/div>\n\n\n\n<div class=\"wp-block-media-text is-stacked-on-mobile\" style=\"grid-template-columns:20% auto\"><figure class=\"wp-block-media-text__media\"><img loading=\"lazy\" decoding=\"async\" width=\"500\" height=\"500\" src=\"https:\/\/digitaltliv.no\/wp-content\/uploads\/2025\/01\/IMG_0254-2.png\" alt=\"\" class=\"wp-image-63 size-full\" srcset=\"https:\/\/digitaltliv.no\/wp-content\/uploads\/2025\/01\/IMG_0254-2.png 500w, https:\/\/digitaltliv.no\/wp-content\/uploads\/2025\/01\/IMG_0254-2-300x300.png 300w, https:\/\/digitaltliv.no\/wp-content\/uploads\/2025\/01\/IMG_0254-2-150x150.png 150w\" sizes=\"auto, (max-width: 500px) 100vw, 500px\" \/><\/figure><div class=\"wp-block-media-text__content\">\n<p>Hva betyr kunstig intelligens for min bransje, og min rolle?<\/p>\n<\/div><\/div>\n\n\n\n<div class=\"wp-block-media-text is-stacked-on-mobile\" style=\"grid-template-columns:20% auto\"><figure class=\"wp-block-media-text__media\"><img loading=\"lazy\" decoding=\"async\" width=\"500\" height=\"500\" src=\"https:\/\/digitaltliv.no\/wp-content\/uploads\/2025\/01\/IMG_0255-1.png\" alt=\"\" class=\"wp-image-64 size-full\" srcset=\"https:\/\/digitaltliv.no\/wp-content\/uploads\/2025\/01\/IMG_0255-1.png 500w, https:\/\/digitaltliv.no\/wp-content\/uploads\/2025\/01\/IMG_0255-1-300x300.png 300w, https:\/\/digitaltliv.no\/wp-content\/uploads\/2025\/01\/IMG_0255-1-150x150.png 150w\" sizes=\"auto, (max-width: 500px) 100vw, 500px\" \/><\/figure><div class=\"wp-block-media-text__content\">\n<p>Hvordan sikre trygge og etiske l\u00f8sninger med kunstig intelligens?<\/p>\n<\/div><\/div>\n\n\n\n<div class=\"wp-block-media-text is-stacked-on-mobile\" style=\"grid-template-columns:20% auto\"><figure class=\"wp-block-media-text__media\"><img loading=\"lazy\" decoding=\"async\" width=\"500\" height=\"500\" src=\"https:\/\/digitaltliv.no\/wp-content\/uploads\/2025\/01\/IMG_0256-1.png\" alt=\"\" class=\"wp-image-65 size-full\" srcset=\"https:\/\/digitaltliv.no\/wp-content\/uploads\/2025\/01\/IMG_0256-1.png 500w, https:\/\/digitaltliv.no\/wp-content\/uploads\/2025\/01\/IMG_0256-1-300x300.png 300w, https:\/\/digitaltliv.no\/wp-content\/uploads\/2025\/01\/IMG_0256-1-150x150.png 150w\" sizes=\"auto, (max-width: 500px) 100vw, 500px\" \/><\/figure><div class=\"wp-block-media-text__content\">\n<p>Hvordan kan vi effektivisere smartere uten \u00e5 miste kontroll og kvalitet?<\/p>\n<\/div><\/div>\n\n\n\n<p><\/p>\n\n\n\n<p><\/p>\n\n\n\n<p><\/p>\n\n\n\n<h2 class=\"wp-block-heading\">Tankespinn<\/h2>\n\n\n\n<ul class=\"wp-block-list\">\n<li>Det er noe med spr\u00e5kforst\u00e5elsen i de store spr\u00e5kmodellene som endrer alt. <a href=\"https:\/\/digitaltliv.no\/?page_id=80\" data-type=\"page\" data-id=\"80\">Hvorfor skjer AI-revolusjonen n\u00e5?<\/a><\/li>\n<\/ul>\n\n\n\n<p><\/p>\n","protected":false},"excerpt":{"rendered":"<p>&#8211; i m\u00f8tet mellom menneske og teknologi Kunstig intelligens (KI) er den st\u00f8rste revolusjonen innen informasjonsteknologi siden internett, og betydningen for arbeidsliv og enkeltpersoner kan vise seg \u00e5 bli enda st\u00f8rre. Med kunnskap, erfaring og refleksjoner skal Digitalt liv drive r\u00e5dgivning, levere utvikling, tjenester og verkt\u00f8y innen digitalisering, teknologi og forretningsutvikling spesielt rettet mot \u00e5 [&hellip;]<\/p>\n","protected":false},"author":1,"featured_media":0,"parent":0,"menu_order":0,"comment_status":"closed","ping_status":"closed","template":"page-no-title","meta":{"footnotes":""},"class_list":["post-37","page","type-page","status-publish","hentry"],"_links":{"self":[{"href":"https:\/\/digitaltliv.no\/index.php?rest_route=\/wp\/v2\/pages\/37","targetHints":{"allow":["GET"]}}],"collection":[{"href":"https:\/\/digitaltliv.no\/index.php?rest_route=\/wp\/v2\/pages"}],"about":[{"href":"https:\/\/digitaltliv.no\/index.php?rest_route=\/wp\/v2\/types\/page"}],"author":[{"embeddable":true,"href":"https:\/\/digitaltliv.no\/index.php?rest_route=\/wp\/v2\/users\/1"}],"replies":[{"embeddable":true,"href":"https:\/\/digitaltliv.no\/index.php?rest_route=%2Fwp%2Fv2%2Fcomments&post=37"}],"version-history":[{"count":12,"href":"https:\/\/digitaltliv.no\/index.php?rest_route=\/wp\/v2\/pages\/37\/revisions"}],"predecessor-version":[{"id":86,"href":"https:\/\/digitaltliv.no\/index.php?rest_route=\/wp\/v2\/pages\/37\/revisions\/86"}],"wp:attachment":[{"href":"https:\/\/digitaltliv.no\/index.php?rest_route=%2Fwp%2Fv2%2Fmedia&parent=37"}],"curies":[{"name":"wp","href":"https:\/\/api.w.org\/{rel}","templated":true}]}}