{"id":80,"date":"2025-03-12T12:56:37","date_gmt":"2025-03-12T11:56:37","guid":{"rendered":"https:\/\/digitaltliv.no\/?page_id=80"},"modified":"2025-03-12T12:56:37","modified_gmt":"2025-03-12T11:56:37","slug":"hvorfor-skjer-ai-revolusjonen-na","status":"publish","type":"page","link":"https:\/\/digitaltliv.no\/?page_id=80","title":{"rendered":"Hvorfor skjer AI-revolusjonen n\u00e5?"},"content":{"rendered":"\n<p><\/p>\n\n\n\n<p>Alle snakker om kunstig intelligens. AI er overalt \u2013 i media, p\u00e5 jobben, i debatter om fremtiden. Hvorfor akkurat n\u00e5? Hva er det som har skjedd de siste \u00e5rene som gj\u00f8r at vi ser denne enorme utviklingen? Og hva betyr det egentlig for deg og meg?<\/p>\n\n\n\n<h2 class=\"wp-block-heading\"><strong>Spr\u00e5k er n\u00f8kkelen<\/strong><\/h2>\n\n\n\n<p>AI har skapt store nyvinninger innen mange omr\u00e5der, som medisin, selvkj\u00f8rende biler og dataanalyse. Disse l\u00f8sningene er imponerende og viktige, men spesialiserte. Spr\u00e5kmodellene, derimot, p\u00e5virker oss alle \u2013 de kan snakke, skrive og resonnere p\u00e5 en m\u00e5te som ligner oss. Derfor oppleves AI-revolusjonen sterkest gjennom spr\u00e5kmodeller, selv om andre AI-gjennombrudd kan v\u00e6re like store.<\/p>\n\n\n\n<p>Tidligere AI-modeller kunne analysere tekst, men de forsto den ikke p\u00e5 en m\u00e5te som lignet mennesker. De behandlet ord i en fast rekkef\u00f8lge og hadde begrenset evne til \u00e5 se helheten. Dette gjorde dem nyttige til enkelte oppgaver, men de var langt unna \u00e5 h\u00e5ndtere spr\u00e5k p\u00e5 en virkelig intelligent m\u00e5te.<\/p>\n\n\n\n<p>S\u00e5 kom et gjennombrudd.<\/p>\n\n\n\n<h2 class=\"wp-block-heading\"><strong>Fra gjetting til forst\u00e5else<\/strong><\/h2>\n\n\n\n<p>De f\u00f8rste spr\u00e5kmodellene l\u00e6rte ved \u00e5 gjette neste ord i en tekst. Dette kan virke som en enkel teknikk, men det er en overraskende effektiv m\u00e5te \u00e5 l\u00e6re spr\u00e5k p\u00e5. Hvis du ser setningen:<\/p>\n\n\n\n<p><em>&laquo;I dag er det kaldt ute, s\u00e5 jeg tar p\u00e5 meg en ___<\/em>&laquo;_<\/p>\n\n\n\n<p>\u2026 er det stor sannsynlighet for at det neste ordet er &laquo;jakke&raquo;. N\u00e5r en AI f\u00e5r trene p\u00e5 milliarder av slike setninger, begynner den \u00e5 fange opp m\u00f8nstre og sammenhenger i spr\u00e5ket.<\/p>\n\n\n\n<p>Problemet var at gamle spr\u00e5kmodeller leste tekst ord for ord, i fast rekkef\u00f8lge. Det gjorde dem trege, begrenset hvor mye kontekst de kunne huske, og gjorde at de ofte mistet den store sammenhengen.<\/p>\n\n\n\n<p>S\u00e5 kom forskere fra Google Brain i 2017 med en ny metode, beskrevet i artikkelen <strong>&laquo;Attention is All You Need&raquo;<\/strong>. De fant en m\u00e5te \u00e5 la AI se p\u00e5 hele setningen samtidig og vurdere hvilke ord som var viktigst for meningen. Plutselig ble spr\u00e5kmodellene mye raskere, mer presise og flinkere til \u00e5 forst\u00e5 hva vi egentlig mener.<\/p>\n\n\n\n<p>Dette skapte en kjedereaksjon:<\/p>\n\n\n\n<ol class=\"wp-block-list\">\n<li><strong>Ny metode for spr\u00e5kforst\u00e5else (attention)<\/strong> \u2192 AI kan analysere hele teksten samtidig og fange opp sammenhenger.<\/li>\n\n\n\n<li><strong>Spr\u00e5ktrening p\u00e5 store mengder tekst<\/strong> \u2192 AI l\u00e6rer \u00e5 skrive og forst\u00e5 naturlig spr\u00e5k p\u00e5 en m\u00e5te som ligner mennesker.<\/li>\n\n\n\n<li><strong>Lesing av fagtekster<\/strong> \u2192 AI blir ikke bare god p\u00e5 spr\u00e5k, men bygger ogs\u00e5 opp kunnskap innenfor ulike fagomr\u00e5der.<\/li>\n\n\n\n<li><strong>Spr\u00e5k + fagkunnskap<\/strong> \u2192 AI kan n\u00e5 fungere som kunnskapsarbeider i mange bransjer.<\/li>\n<\/ol>\n\n\n\n<h2 class=\"wp-block-heading\"><strong>AI som kunnskapsarbeider<\/strong><\/h2>\n\n\n\n<p>Spr\u00e5k er ikke bare kommunikasjon \u2013 det er ogs\u00e5 hvordan vi mennesker organiserer og formidler kunnskap. Vi l\u00e6rer ikke bare gjennom egne erfaringer, men gjennom tekst, undervisning og samtaler. N\u00e5r en ekspert forklarer et tema for oss, kan vi f\u00e5 en dyp forst\u00e5else av et fagomr\u00e5de selv om vi ikke har opplevd det selv.<\/p>\n\n\n\n<p>Dette er grunnen til at spr\u00e5kmodeller kan gj\u00f8re mer enn bare \u00e5 sette sammen ord. De har lest enorme mengder fagstoff og kan bruke spr\u00e5ket til \u00e5 kombinere, analysere og formidle kunnskap. De kan hjelpe med \u00e5 skrive kontrakter, oppsummere forskningsartikler, lage juridiske vurderinger, analysere medisinske journaler og mye mer.<\/p>\n\n\n\n<p>De har ikke &laquo;erfaring&raquo; eller sanseinntrykk, men de har tilgang til nesten all menneskelig kunnskap som finnes i skriftlig form \u2013 og evnen til \u00e5 bruke den p\u00e5 en nyttig m\u00e5te.<\/p>\n\n\n\n<h2 class=\"wp-block-heading\"><strong>Og n\u00e5 da?<\/strong><\/h2>\n\n\n\n<p>Dette er ikke en diskusjon om hvorvidt AI er &laquo;ekte&raquo; intelligens eller ikke \u2013 det f\u00e5r filosofene ta seg av. Poenget er at AI n\u00e5 har <strong>evnen til \u00e5 gj\u00f8re kunnskapsarbeid sv\u00e6rt effektivt<\/strong>, s\u00e5 lenge den har tilgang til riktig data.<\/p>\n\n\n\n<p>Det betyr at vi st\u00e5r overfor en stor endring i hvordan vi jobber. Yrker som lenge har v\u00e6rt skjermet fra automatisering \u2013 som advokatarbeid, saksbehandling, oversettelse, undervisning og forskning \u2013 vil m\u00f8te en ny virkelighet. Vi st\u00e5r foran en massiv omstilling.<\/p>\n\n\n\n<p>AI vil f\u00e5 stor betydning for mange yrker, spesielt der arbeidet handler om spr\u00e5k og kunnskap. Vi ser allerede store endringer i advokatbransjen, der AI kan analysere kontrakter og juridiske tekster, og i medisin, hvor AI bist\u00e5r leger med \u00e5 tolke pasientjournaler og r\u00f8ntgenbilder. AI brukes ogs\u00e5 i oversettelse, undervisning og forskning, der den kan strukturere og formidle kunnskap raskere enn mennesker. Dette er bare noen eksempler, og sp\u00f8rsm\u00e5let er: <strong>Er du en kunnskapsarbeider?<\/strong> Hvis jobben din inneb\u00e6rer \u00e5 lese, skrive, analysere eller formidle informasjon, vil AI trolig p\u00e5virke den.<\/p>\n\n\n\n<p><strong>V\u00e5r jobb er ikke \u00e5 stoppe denne utviklingen, men \u00e5 styre den.<\/strong> Vi m\u00e5 sikre at AI brukes <strong>trygt, etisk og med kontroll<\/strong>, slik at vi f\u00e5r maksimalt utbytte av mulighetene uten \u00e5 miste oversikt eller kvalitet.<\/p>\n\n\n\n<p>Hva betyr dette for akkurat din bransje? Hvordan kan vi bruke AI p\u00e5 en smart m\u00e5te uten \u00e5 miste kontrollen? Og hvordan s\u00f8rger vi for at teknologien utvikles i en retning som gagner oss alle?<\/p>\n\n\n\n<p class=\"has-contrast-2-color has-text-color has-link-color wp-elements-53cd6667f7fb9e2e819856e886e70ffc\">Dette ser vi n\u00e6rmere p\u00e5 i rundt neste sving.<\/p>\n","protected":false},"excerpt":{"rendered":"<p>Alle snakker om kunstig intelligens. AI er overalt \u2013 i media, p\u00e5 jobben, i debatter om fremtiden. Hvorfor akkurat n\u00e5? Hva er det som har skjedd de siste \u00e5rene som gj\u00f8r at vi ser denne enorme utviklingen? Og hva betyr det egentlig for deg og meg? Spr\u00e5k er n\u00f8kkelen AI har skapt store nyvinninger innen [&hellip;]<\/p>\n","protected":false},"author":1,"featured_media":0,"parent":0,"menu_order":0,"comment_status":"closed","ping_status":"closed","template":"","meta":{"footnotes":""},"class_list":["post-80","page","type-page","status-publish","hentry"],"_links":{"self":[{"href":"https:\/\/digitaltliv.no\/index.php?rest_route=\/wp\/v2\/pages\/80","targetHints":{"allow":["GET"]}}],"collection":[{"href":"https:\/\/digitaltliv.no\/index.php?rest_route=\/wp\/v2\/pages"}],"about":[{"href":"https:\/\/digitaltliv.no\/index.php?rest_route=\/wp\/v2\/types\/page"}],"author":[{"embeddable":true,"href":"https:\/\/digitaltliv.no\/index.php?rest_route=\/wp\/v2\/users\/1"}],"replies":[{"embeddable":true,"href":"https:\/\/digitaltliv.no\/index.php?rest_route=%2Fwp%2Fv2%2Fcomments&post=80"}],"version-history":[{"count":1,"href":"https:\/\/digitaltliv.no\/index.php?rest_route=\/wp\/v2\/pages\/80\/revisions"}],"predecessor-version":[{"id":82,"href":"https:\/\/digitaltliv.no\/index.php?rest_route=\/wp\/v2\/pages\/80\/revisions\/82"}],"wp:attachment":[{"href":"https:\/\/digitaltliv.no\/index.php?rest_route=%2Fwp%2Fv2%2Fmedia&parent=80"}],"curies":[{"name":"wp","href":"https:\/\/api.w.org\/{rel}","templated":true}]}}